
{"id":708,"date":"2024-04-03T18:19:50","date_gmt":"2024-04-03T21:19:50","guid":{"rendered":"https:\/\/emporioalpha.com.br\/?page_id=708"},"modified":"2026-02-18T11:53:32","modified_gmt":"2026-02-18T14:53:32","slug":"sobre","status":"publish","type":"page","link":"https:\/\/emporioalpha.com.br\/index.php\/sobre\/","title":{"rendered":"sobre"},"content":{"rendered":"\t\t<div data-elementor-type=\"wp-page\" data-elementor-id=\"708\" class=\"elementor elementor-708\">\n\t\t\t\t<div class=\"elementor-element elementor-element-48c64e4 e-flex e-con-boxed e-con e-parent\" data-id=\"48c64e4\" data-element_type=\"container\" data-e-type=\"container\" data-settings=\"{&quot;background_background&quot;:&quot;classic&quot;}\">\n\t\t\t\t\t<div class=\"e-con-inner\">\n\t\t<div class=\"elementor-element elementor-element-ae7c085 e-flex e-con-boxed e-con e-child\" data-id=\"ae7c085\" data-element_type=\"container\" data-e-type=\"container\">\n\t\t\t\t\t<div class=\"e-con-inner\">\n\t\t\t\t<div class=\"elementor-element elementor-element-4d3cabf elementor-widget elementor-widget-heading\" data-id=\"4d3cabf\" data-element_type=\"widget\" data-e-type=\"widget\" data-widget_type=\"heading.default\">\n\t\t\t\t<div class=\"elementor-widget-container\">\n\t\t\t\t\t<h2 class=\"elementor-heading-title elementor-size-default\">SOBRE A ALPHA SERVI\u00c7OS E CONSULTORIAS<\/h2>\t\t\t\t<\/div>\n\t\t\t\t<\/div>\n\t\t\t\t<div class=\"elementor-element elementor-element-f171556 elementor-widget elementor-widget-text-editor\" data-id=\"f171556\" data-element_type=\"widget\" data-e-type=\"widget\" data-widget_type=\"text-editor.default\">\n\t\t\t\t<div class=\"elementor-widget-container\">\n\t\t\t\t\t\t\t\t\t<p data-start=\"1176\" data-end=\"1401\">Desde 2007, a Alpha Servi\u00e7os e Consultorias atua oferecendo solu\u00e7\u00f5es completas em el\u00e9trica, seguran\u00e7a eletr\u00f4nica e infraestrutura tecnol\u00f3gica, sempre com foco em <strong data-start=\"1338\" data-end=\"1400\">qualidade, seguran\u00e7a e conformidade com as normas t\u00e9cnicas<\/strong>.<\/p><p data-start=\"1403\" data-end=\"1652\">Nossa empresa nasceu com o prop\u00f3sito de levar ao mercado servi\u00e7os executados com padr\u00e3o profissional, planejamento t\u00e9cnico e equipamentos de alta confiabilidade, garantindo resultados duradouros para resid\u00eancias, com\u00e9rcios, ind\u00fastrias e condom\u00ednios.<\/p>\t\t\t\t\t\t\t\t<\/div>\n\t\t\t\t<\/div>\n\t\t\t\t\t<\/div>\n\t\t\t\t<\/div>\n\t\t<div class=\"elementor-element elementor-element-ad5eba3 e-con-full e-flex e-con e-child\" data-id=\"ad5eba3\" data-element_type=\"container\" data-e-type=\"container\">\n\t\t\t\t<div class=\"elementor-element elementor-element-ebcb819 elementor-widget elementor-widget-image\" data-id=\"ebcb819\" data-element_type=\"widget\" data-e-type=\"widget\" data-widget_type=\"image.default\">\n\t\t\t\t<div class=\"elementor-widget-container\">\n\t\t\t\t\t\t\t\t\t\t\t\t\t\t\t<img fetchpriority=\"high\" decoding=\"async\" width=\"401\" height=\"229\" src=\"https:\/\/emporioalpha.com.br\/wp-content\/uploads\/2024\/04\/discutindo-projeto.jpg\" class=\"attachment-large size-large wp-image-742\" alt=\"\" srcset=\"https:\/\/emporioalpha.com.br\/wp-content\/uploads\/2024\/04\/discutindo-projeto.jpg 401w, https:\/\/emporioalpha.com.br\/wp-content\/uploads\/2024\/04\/discutindo-projeto-300x171.jpg 300w\" sizes=\"(max-width: 401px) 100vw, 401px\" \/>\t\t\t\t\t\t\t\t\t\t\t\t\t\t\t<\/div>\n\t\t\t\t<\/div>\n\t\t\t\t<div class=\"elementor-element elementor-element-8fb877d elementor-widget__width-initial elementor-widget-mobile__width-initial elementor-widget elementor-widget-text-editor\" data-id=\"8fb877d\" data-element_type=\"widget\" data-e-type=\"widget\" data-widget_type=\"text-editor.default\">\n\t\t\t\t<div class=\"elementor-widget-container\">\n\t\t\t\t\t\t\t\t\t<span class=\"wixui-rich-text__text\"><b>Projetos<\/b>\u00a0<\/span>com criterioso\u00a0<span class=\"wixui-rich-text__text\"><b>levantamento t\u00e9cnico<\/b><\/span>, respeitando as particularidades que engloba a pol\u00edtica de seguran\u00e7a da organiza\u00e7\u00e3o e <b>an\u00e1lise de risco.<\/b>\t\t\t\t\t\t\t\t<\/div>\n\t\t\t\t<\/div>\n\t\t\t\t<\/div>\n\t\t\t\t\t<\/div>\n\t\t\t\t<\/div>\n\t\t<div class=\"elementor-element elementor-element-7c9f315 e-flex e-con-boxed e-con e-parent\" data-id=\"7c9f315\" data-element_type=\"container\" data-e-type=\"container\">\n\t\t\t\t\t<div class=\"e-con-inner\">\n\t\t\t\t<div class=\"elementor-element elementor-element-922ec12 elementor-fixed elementor-view-default elementor-widget elementor-widget-icon\" data-id=\"922ec12\" data-element_type=\"widget\" data-e-type=\"widget\" data-settings=\"{&quot;_position&quot;:&quot;fixed&quot;}\" data-widget_type=\"icon.default\">\n\t\t\t\t<div class=\"elementor-widget-container\">\n\t\t\t\t\t\t\t<div class=\"elementor-icon-wrapper\">\n\t\t\t<a class=\"elementor-icon\" href=\"https:\/\/wa.me\/5522999339991\">\n\t\t\t<svg aria-hidden=\"true\" class=\"e-font-icon-svg e-fab-whatsapp\" viewBox=\"0 0 448 512\" xmlns=\"http:\/\/www.w3.org\/2000\/svg\"><path d=\"M380.9 97.1C339 55.1 283.2 32 223.9 32c-122.4 0-222 99.6-222 222 0 39.1 10.2 77.3 29.6 111L0 480l117.7-30.9c32.4 17.7 68.9 27 106.1 27h.1c122.3 0 224.1-99.6 224.1-222 0-59.3-25.2-115-67.1-157zm-157 341.6c-33.2 0-65.7-8.9-94-25.7l-6.7-4-69.8 18.3L72 359.2l-4.4-7c-18.5-29.4-28.2-63.3-28.2-98.2 0-101.7 82.8-184.5 184.6-184.5 49.3 0 95.6 19.2 130.4 54.1 34.8 34.9 56.2 81.2 56.1 130.5 0 101.8-84.9 184.6-186.6 184.6zm101.2-138.2c-5.5-2.8-32.8-16.2-37.9-18-5.1-1.9-8.8-2.8-12.5 2.8-3.7 5.6-14.3 18-17.6 21.8-3.2 3.7-6.5 4.2-12 1.4-32.6-16.3-54-29.1-75.5-66-5.7-9.8 5.7-9.1 16.3-30.3 1.8-3.7.9-6.9-.5-9.7-1.4-2.8-12.5-30.1-17.1-41.2-4.5-10.8-9.1-9.3-12.5-9.5-3.2-.2-6.9-.2-10.6-.2-3.7 0-9.7 1.4-14.8 6.9-5.1 5.6-19.4 19-19.4 46.3 0 27.3 19.9 53.7 22.6 57.4 2.8 3.7 39.1 59.7 94.8 83.8 35.2 15.2 49 16.5 66.6 13.9 10.7-1.6 32.8-13.4 37.4-26.4 4.6-13 4.6-24.1 3.2-26.4-1.3-2.5-5-3.9-10.5-6.6z\"><\/path><\/svg>\t\t\t<\/a>\n\t\t<\/div>\n\t\t\t\t\t\t<\/div>\n\t\t\t\t<\/div>\n\t\t\t\t\t<\/div>\n\t\t\t\t<\/div>\n\t\t<div class=\"elementor-element elementor-element-edb9d37 e-flex e-con-boxed e-con e-parent\" data-id=\"edb9d37\" data-element_type=\"container\" data-e-type=\"container\" data-settings=\"{&quot;background_background&quot;:&quot;classic&quot;}\">\n\t\t\t\t\t<div class=\"e-con-inner\">\n\t\t<div class=\"elementor-element elementor-element-7cb0a7f e-flex e-con-boxed e-con e-child\" data-id=\"7cb0a7f\" data-element_type=\"container\" data-e-type=\"container\">\n\t\t\t\t\t<div class=\"e-con-inner\">\n\t\t\t\t<div class=\"elementor-element elementor-element-4b991d9 elementor-widget elementor-widget-image\" data-id=\"4b991d9\" data-element_type=\"widget\" data-e-type=\"widget\" data-widget_type=\"image.default\">\n\t\t\t\t<div class=\"elementor-widget-container\">\n\t\t\t\t\t\t\t\t\t\t\t\t\t\t\t<img decoding=\"async\" width=\"401\" height=\"229\" src=\"https:\/\/emporioalpha.com.br\/wp-content\/uploads\/2024\/04\/alta-tecnologia.jpg\" class=\"attachment-large size-large wp-image-775\" alt=\"\" srcset=\"https:\/\/emporioalpha.com.br\/wp-content\/uploads\/2024\/04\/alta-tecnologia.jpg 401w, https:\/\/emporioalpha.com.br\/wp-content\/uploads\/2024\/04\/alta-tecnologia-300x171.jpg 300w\" sizes=\"(max-width: 401px) 100vw, 401px\" \/>\t\t\t\t\t\t\t\t\t\t\t\t\t\t\t<\/div>\n\t\t\t\t<\/div>\n\t\t\t\t<div class=\"elementor-element elementor-element-48124e3 elementor-widget__width-initial elementor-widget-mobile__width-initial elementor-widget elementor-widget-text-editor\" data-id=\"48124e3\" data-element_type=\"widget\" data-e-type=\"widget\" data-widget_type=\"text-editor.default\">\n\t\t\t\t<div class=\"elementor-widget-container\">\n\t\t\t\t\t\t\t\t\t<p>Equipamentos modernos que tornam seu neg\u00f3cio ou condom\u00ednio<span class=\"wixui-rich-text__text\">\u00a0<b>conectados e eficientes<\/b><\/span>. Trabalhamos com fabricantes<span class=\"wixui-rich-text__text\">\u00a0<b>selecionados<\/b><\/span>\u00a0e de\u00a0<span class=\"wixui-rich-text__text\"><b>qualidade comprovada no mercado<\/b><\/span>, com garantia contra eventuais defeitos de fabrica\u00e7\u00e3o.<\/p>\t\t\t\t\t\t\t\t<\/div>\n\t\t\t\t<\/div>\n\t\t\t\t\t<\/div>\n\t\t\t\t<\/div>\n\t\t<div class=\"elementor-element elementor-element-2698342 e-flex e-con-boxed e-con e-child\" data-id=\"2698342\" data-element_type=\"container\" data-e-type=\"container\">\n\t\t\t\t\t<div class=\"e-con-inner\">\n\t\t\t\t<div class=\"elementor-element elementor-element-1da7a95 elementor-widget elementor-widget-heading\" data-id=\"1da7a95\" data-element_type=\"widget\" data-e-type=\"widget\" data-widget_type=\"heading.default\">\n\t\t\t\t<div class=\"elementor-widget-container\">\n\t\t\t\t\t<h2 class=\"elementor-heading-title elementor-size-default\">EXPERI\u00caNCIA QUE GERA CONFIAN\u00c7A<\/h2>\t\t\t\t<\/div>\n\t\t\t\t<\/div>\n\t\t\t\t<div class=\"elementor-element elementor-element-251af7f elementor-widget elementor-widget-text-editor\" data-id=\"251af7f\" data-element_type=\"widget\" data-e-type=\"widget\" data-widget_type=\"text-editor.default\">\n\t\t\t\t<div class=\"elementor-widget-container\">\n\t\t\t\t\t\t\t\t\t<p data-start=\"1691\" data-end=\"1748\">Ao longo dos anos, consolidamos nossa atua\u00e7\u00e3o realizando:<\/p><p data-start=\"1750\" data-end=\"2010\">\u2705 Projetos el\u00e9tricos e adequa\u00e7\u00f5es conforme NR-10 e normas ABNT<br data-start=\"1812\" data-end=\"1815\" \/>\u2705 Sistemas de aterramento e SPDA<br data-start=\"1847\" data-end=\"1850\" \/>\u2705 Infraestrutura de dados e fibra \u00f3ptica<br data-start=\"1890\" data-end=\"1893\" \/>\u2705 CFTV, controle de acesso e v\u00eddeo porteiros<br data-start=\"1937\" data-end=\"1940\" \/>\u2705 Montagem de quadros el\u00e9tricos e organiza\u00e7\u00e3o t\u00e9cnica de instala\u00e7\u00f5es<\/p><p data-start=\"2012\" data-end=\"2134\">Cada servi\u00e7o \u00e9 executado com levantamento t\u00e9cnico detalhado, an\u00e1lise de risco e solu\u00e7\u00f5es personalizadas para cada cliente.<\/p>\t\t\t\t\t\t\t\t<\/div>\n\t\t\t\t<\/div>\n\t\t\t\t\t<\/div>\n\t\t\t\t<\/div>\n\t\t\t\t\t<\/div>\n\t\t\t\t<\/div>\n\t\t<div class=\"elementor-element elementor-element-5c45d60 e-flex e-con-boxed e-con e-parent\" data-id=\"5c45d60\" data-element_type=\"container\" data-e-type=\"container\" data-settings=\"{&quot;background_background&quot;:&quot;classic&quot;}\">\n\t\t\t\t\t<div class=\"e-con-inner\">\n\t\t<div class=\"elementor-element elementor-element-fe4ca93 e-con-full e-flex e-con e-child\" data-id=\"fe4ca93\" data-element_type=\"container\" data-e-type=\"container\">\n\t\t\t\t<div class=\"elementor-element elementor-element-078d5f4 elementor-widget elementor-widget-heading\" data-id=\"078d5f4\" data-element_type=\"widget\" data-e-type=\"widget\" data-widget_type=\"heading.default\">\n\t\t\t\t<div class=\"elementor-widget-container\">\n\t\t\t\t\t<h2 class=\"elementor-heading-title elementor-size-default\">NOSSA MISS\u00c3O<\/h2>\t\t\t\t<\/div>\n\t\t\t\t<\/div>\n\t\t\t\t<div class=\"elementor-element elementor-element-6b210d2 elementor-widget elementor-widget-text-editor\" data-id=\"6b210d2\" data-element_type=\"widget\" data-e-type=\"widget\" data-widget_type=\"text-editor.default\">\n\t\t\t\t<div class=\"elementor-widget-container\">\n\t\t\t\t\t\t\t\t\t<p>Ser mais do que um prestador de servi\u00e7os: ser um parceiro t\u00e9cnico confi\u00e1vel, oferecendo solu\u00e7\u00f5es seguras, modernas e eficientes que tragam tranquilidade e valoriza\u00e7\u00e3o ao patrim\u00f4nio dos nossos clientes.<\/p><div>\u00a0<\/div>\t\t\t\t\t\t\t\t<\/div>\n\t\t\t\t<\/div>\n\t\t\t\t<div class=\"elementor-element elementor-element-f1cb8a0 elementor-widget elementor-widget-heading\" data-id=\"f1cb8a0\" data-element_type=\"widget\" data-e-type=\"widget\" data-widget_type=\"heading.default\">\n\t\t\t\t<div class=\"elementor-widget-container\">\n\t\t\t\t\t<h2 class=\"elementor-heading-title elementor-size-default\">COMPROMISSO ALPHA<\/h2>\t\t\t\t<\/div>\n\t\t\t\t<\/div>\n\t\t\t\t<div class=\"elementor-element elementor-element-f8bc575 elementor-widget elementor-widget-text-editor\" data-id=\"f8bc575\" data-element_type=\"widget\" data-e-type=\"widget\" data-widget_type=\"text-editor.default\">\n\t\t\t\t<div class=\"elementor-widget-container\">\n\t\t\t\t\t\t\t\t\t<p>Trabalhamos com equipamentos certificados, m\u00e3o de obra qualificada e acompanhamento t\u00e9cnico em todas as etapas, garantindo seguran\u00e7a, desempenho e satisfa\u00e7\u00e3o.<\/p><p><strong>Precisa de um or\u00e7amento ou avalia\u00e7\u00e3o t\u00e9cnica?<\/strong><\/p><div>\u00a0<\/div>\t\t\t\t\t\t\t\t<\/div>\n\t\t\t\t<\/div>\n\t\t\t\t<div class=\"elementor-element elementor-element-fb05976 elementor-widget elementor-widget-button\" data-id=\"fb05976\" data-element_type=\"widget\" data-e-type=\"widget\" data-widget_type=\"button.default\">\n\t\t\t\t<div class=\"elementor-widget-container\">\n\t\t\t\t\t\t\t\t\t<div class=\"elementor-button-wrapper\">\n\t\t\t\t\t<a class=\"elementor-button elementor-button-link elementor-size-sm\" href=\"https:\/\/wa.me\/5522999339991\">\n\t\t\t\t\t\t<span class=\"elementor-button-content-wrapper\">\n\t\t\t\t\t\t\t\t\t<span class=\"elementor-button-text\">Fale com um especialista<\/span>\n\t\t\t\t\t<\/span>\n\t\t\t\t\t<\/a>\n\t\t\t\t<\/div>\n\t\t\t\t\t\t\t\t<\/div>\n\t\t\t\t<\/div>\n\t\t\t\t<\/div>\n\t\t<div class=\"elementor-element elementor-element-95767bf e-con-full e-flex e-con e-child\" data-id=\"95767bf\" data-element_type=\"container\" data-e-type=\"container\">\n\t\t\t\t<div class=\"elementor-element elementor-element-8fe468e elementor-widget elementor-widget-image\" data-id=\"8fe468e\" data-element_type=\"widget\" data-e-type=\"widget\" data-widget_type=\"image.default\">\n\t\t\t\t<div class=\"elementor-widget-container\">\n\t\t\t\t\t\t\t\t\t\t\t\t\t\t\t<img decoding=\"async\" width=\"495\" height=\"400\" src=\"https:\/\/emporioalpha.com.br\/wp-content\/uploads\/2024\/04\/fusao.jpg\" class=\"attachment-large size-large wp-image-815\" alt=\"\" srcset=\"https:\/\/emporioalpha.com.br\/wp-content\/uploads\/2024\/04\/fusao.jpg 495w, https:\/\/emporioalpha.com.br\/wp-content\/uploads\/2024\/04\/fusao-300x242.jpg 300w\" sizes=\"(max-width: 495px) 100vw, 495px\" \/>\t\t\t\t\t\t\t\t\t\t\t\t\t\t\t<\/div>\n\t\t\t\t<\/div>\n\t\t\t\t<div class=\"elementor-element elementor-element-980bf30 elementor-widget__width-initial elementor-widget-mobile__width-initial elementor-widget elementor-widget-text-editor\" data-id=\"980bf30\" data-element_type=\"widget\" data-e-type=\"widget\" data-widget_type=\"text-editor.default\">\n\t\t\t\t<div class=\"elementor-widget-container\">\n\t\t\t\t\t\t\t\t\t<p>Fus\u00f5es e conectoriza\u00e7\u00f5es em cabos de fibra \u00f3ptica, utilizando os mais <b>modernos equipamentos<\/b> garantindo <b>qualidade<\/b> e <b>confiabilidade<\/b> no servi\u00e7o prestado. Al\u00e9m de alta <b>transmiss\u00e3o de dados<\/b>, atrav\u00e9s da fibra \u00f3ptica \u00e9 poss\u00edvel alcan\u00e7ar <b>longas dist\u00e2ncias<\/b> sem a necessidade de equipamentos, como switches, pelo caminho.<\/p>\t\t\t\t\t\t\t\t<\/div>\n\t\t\t\t<\/div>\n\t\t\t\t<\/div>\n\t\t\t\t\t<\/div>\n\t\t\t\t<\/div>\n\t\t<div class=\"elementor-element elementor-element-6d98769 e-flex e-con-boxed e-con e-parent\" data-id=\"6d98769\" data-element_type=\"container\" data-e-type=\"container\" data-settings=\"{&quot;background_background&quot;:&quot;classic&quot;}\">\n\t\t\t\t\t<div class=\"e-con-inner\">\n\t\t\t\t<div class=\"elementor-element elementor-element-875bf54 elementor-widget elementor-widget-text-editor\" data-id=\"875bf54\" data-element_type=\"widget\" data-e-type=\"widget\" data-widget_type=\"text-editor.default\">\n\t\t\t\t<div class=\"elementor-widget-container\">\n\t\t\t\t\t\t\t\t\t<p>Ao escolher a Alpha Servi\u00e7os e Consultorias, voc\u00ea est\u00e1 escolhendo a excel\u00eancia, confiabilidade e a inova\u00e7\u00e3o.<\/p>\t\t\t\t\t\t\t\t<\/div>\n\t\t\t\t<\/div>\n\t\t\t\t\t<\/div>\n\t\t\t\t<\/div>\n\t\t\t\t<\/div>\n\t\t","protected":false},"excerpt":{"rendered":"<p>SOBRE A ALPHA SERVI\u00c7OS E CONSULTORIAS Desde 2007, a Alpha Servi\u00e7os e Consultorias atua oferecendo solu\u00e7\u00f5es completas em el\u00e9trica, seguran\u00e7a eletr\u00f4nica e infraestrutura tecnol\u00f3gica, sempre com foco em qualidade, seguran\u00e7a e conformidade com as normas t\u00e9cnicas. Nossa empresa nasceu com o prop\u00f3sito de levar ao mercado servi\u00e7os executados com padr\u00e3o profissional, planejamento t\u00e9cnico e equipamentos [&hellip;]<\/p>\n","protected":false},"author":1,"featured_media":0,"parent":0,"menu_order":0,"comment_status":"closed","ping_status":"closed","template":"elementor_header_footer","meta":{"footnotes":""},"class_list":["post-708","page","type-page","status-publish","hentry"],"_links":{"self":[{"href":"https:\/\/emporioalpha.com.br\/index.php\/wp-json\/wp\/v2\/pages\/708","targetHints":{"allow":["GET"]}}],"collection":[{"href":"https:\/\/emporioalpha.com.br\/index.php\/wp-json\/wp\/v2\/pages"}],"about":[{"href":"https:\/\/emporioalpha.com.br\/index.php\/wp-json\/wp\/v2\/types\/page"}],"author":[{"embeddable":true,"href":"https:\/\/emporioalpha.com.br\/index.php\/wp-json\/wp\/v2\/users\/1"}],"replies":[{"embeddable":true,"href":"https:\/\/emporioalpha.com.br\/index.php\/wp-json\/wp\/v2\/comments?post=708"}],"version-history":[{"count":130,"href":"https:\/\/emporioalpha.com.br\/index.php\/wp-json\/wp\/v2\/pages\/708\/revisions"}],"predecessor-version":[{"id":1651,"href":"https:\/\/emporioalpha.com.br\/index.php\/wp-json\/wp\/v2\/pages\/708\/revisions\/1651"}],"wp:attachment":[{"href":"https:\/\/emporioalpha.com.br\/index.php\/wp-json\/wp\/v2\/media?parent=708"}],"curies":[{"name":"wp","href":"https:\/\/api.w.org\/{rel}","templated":true}]}}